{"id":278,"date":"2020-09-28T17:11:28","date_gmt":"2020-09-28T15:11:28","guid":{"rendered":"https:\/\/www.pyrenes-sciences.fr\/wp0\/?page_id=278"},"modified":"2020-10-12T09:06:43","modified_gmt":"2020-10-12T07:06:43","slug":"lhorloge-astronomique","status":"publish","type":"page","link":"https:\/\/www.pyrenes-sciences.fr\/wp0\/lhorloge-astronomique\/","title":{"rendered":"L&rsquo;horloge astronomique"},"content":{"rendered":"\n<table style=\"border-collapse: collapse; width: 100%;\">\n<tbody>\n<tr>\n<td style=\"width: 50%;\">\n<p><a href=\"https:\/\/www.pyrenes-sciences.fr\/wp0\/wp-content\/uploads\/2020\/09\/FDS-300.jpg\"><img loading=\"lazy\" decoding=\"async\" class=\"size-full wp-image-272\" src=\"https:\/\/www.pyrenes-sciences.fr\/wp0\/wp-content\/uploads\/2020\/09\/FDS-300.jpg\" alt=\"ARIEGE\" width=\"300\" height=\"218\"><\/a><\/p>\n<\/td>\n<td style=\"width: 50%;\">\n<h3 style=\"text-align: center;\"><a href=\"http:\/\/www.vivelascience.fr\/\" target=\"_blank\" rel=\"noopener noreferrer\">Association \u00ab\u00a0VIVE LA SCIENCE\u00a0\u00bb<\/a><\/h3>\n<p style=\"text-align: center;\" lang=\"fr-FR\"><span style=\"color: #000000;\"><span style=\"font-family: Times New Roman, serif;\"><span style=\"font-size: medium;\">G\u00e9rard Letraublon<\/span><\/span><\/span><\/p>\n<\/td>\n<\/tr>\n<\/tbody>\n<\/table>\n\n\n\n<p>Un \u00e9l\u00e8ve de seconde au lyc\u00e9e de Mirepoix, vous emm\u00e8ne dans le monde de l\u2019astronomie pour vous pr\u00e9senter l&rsquo;horloge astronomique r\u00e9alis\u00e9e par son club robotique.<\/p>\n\n\n\n<h3>Voir les vid\u00e9os :<\/h3>\n\n\n\n<ul class=\"wp-block-list\"><li><a href=\"https:\/\/youtu.be\/ljgs6Z7_OJ0\" target=\"_blank\" rel=\"noreferrer noopener\">Premi\u00e8re partie : 6 rappels de base sur l&rsquo;astronomie<\/a><\/li><\/ul>\n\n\n\n<ul class=\"wp-block-list\"><li><a href=\"https:\/\/youtu.be\/1dtUyEGdzD8\" target=\"_blank\" rel=\"noreferrer noopener\">Deuxi\u00e8me partie : 8 notions de base sur l&rsquo;astrolabe<\/a><\/li><\/ul>\n\n\n\n<ul class=\"wp-block-list\"><li><a href=\"https:\/\/youtu.be\/4gnP2r73Yxs\" target=\"_blank\" rel=\"noreferrer noopener\">Troisi\u00e8me partie : L&rsquo;horloge astronomique<\/a><\/li><\/ul>\n\n\n\n<figure class=\"wp-block-pullquote\"><blockquote><p>Vous pouvez entrer en contact avec les membres de l&rsquo;association \u00ab\u00a0Vive la Science\u00a0\u00bb pour poser des questions sur ce sujet \u00e0 cette adresse : <a rel=\"noreferrer noopener\" href=\"mailto:gerard.letraublon@wanadoo.fr\" target=\"_blank\">gerard.letraublon@wanadoo.fr<\/a><\/p><\/blockquote><\/figure>\n\n\n","protected":false},"excerpt":{"rendered":"<p>Association \u00ab\u00a0VIVE LA SCIENCE\u00a0\u00bb G\u00e9rard Letraublon Un \u00e9l\u00e8ve de seconde au lyc\u00e9e de Mirepoix, vous emm\u00e8ne dans le monde de l\u2019astronomie pour vous pr\u00e9senter l&rsquo;horloge astronomique r\u00e9alis\u00e9e par son club robotique. Voir les vid\u00e9os : Premi\u00e8re partie : 6 rappels de base sur l&rsquo;astronomie Deuxi\u00e8me partie : 8 notions de base sur l&rsquo;astrolabe Troisi\u00e8me partie [&hellip;]<\/p>\n","protected":false},"author":1,"featured_media":0,"parent":0,"menu_order":0,"comment_status":"closed","ping_status":"closed","template":"","meta":{"footnotes":""},"class_list":["post-278","page","type-page","status-publish","hentry"],"_links":{"self":[{"href":"https:\/\/www.pyrenes-sciences.fr\/wp0\/wp-json\/wp\/v2\/pages\/278","targetHints":{"allow":["GET"]}}],"collection":[{"href":"https:\/\/www.pyrenes-sciences.fr\/wp0\/wp-json\/wp\/v2\/pages"}],"about":[{"href":"https:\/\/www.pyrenes-sciences.fr\/wp0\/wp-json\/wp\/v2\/types\/page"}],"author":[{"embeddable":true,"href":"https:\/\/www.pyrenes-sciences.fr\/wp0\/wp-json\/wp\/v2\/users\/1"}],"replies":[{"embeddable":true,"href":"https:\/\/www.pyrenes-sciences.fr\/wp0\/wp-json\/wp\/v2\/comments?post=278"}],"version-history":[{"count":14,"href":"https:\/\/www.pyrenes-sciences.fr\/wp0\/wp-json\/wp\/v2\/pages\/278\/revisions"}],"predecessor-version":[{"id":612,"href":"https:\/\/www.pyrenes-sciences.fr\/wp0\/wp-json\/wp\/v2\/pages\/278\/revisions\/612"}],"wp:attachment":[{"href":"https:\/\/www.pyrenes-sciences.fr\/wp0\/wp-json\/wp\/v2\/media?parent=278"}],"curies":[{"name":"wp","href":"https:\/\/api.w.org\/{rel}","templated":true}]}}